{"id":5545,"date":"2024-09-09T20:37:54","date_gmt":"2024-09-09T20:37:54","guid":{"rendered":"https:\/\/www.covelar.mx\/?page_id=5545"},"modified":"2024-09-13T16:33:38","modified_gmt":"2024-09-13T16:33:38","slug":"servicios-administrativos","status":"publish","type":"page","link":"https:\/\/www.covelar.mx\/en\/servicios-administrativos\/","title":{"rendered":"ADMINISTRATIVE SERVICES"},"content":{"rendered":"<div data-elementor-type=\"wp-page\" data-elementor-id=\"5545\" class=\"elementor elementor-5545\">\n\t\t\t\t<div class=\"elementor-element elementor-element-6a36c70 e-con-full e-flex e-con e-parent\" data-id=\"6a36c70\" data-element_type=\"container\">\n\t\t<div class=\"elementor-element elementor-element-e33a1d4 e-flex e-con-boxed e-con e-child\" data-id=\"e33a1d4\" data-element_type=\"container\" data-settings=\"{&quot;background_background&quot;:&quot;gradient&quot;}\">\n\t\t\t\t\t<div class=\"e-con-inner\">\n\t\t\t\t<div class=\"elementor-element elementor-element-7858bb5 elementor-widget elementor-widget-slider_revolution\" data-id=\"7858bb5\" data-element_type=\"widget\" data-widget_type=\"slider_revolution.default\">\n\t\t\t\t<div class=\"elementor-widget-container\">\n\t\t\t\n\t\t<div class=\"wp-block-themepunch-revslider\">\n\t\t\t\t<p class=\"rs-p-wp-fix\"><\/p>\n\t\t\t\t<sr7-module data-alias=\"slider-covelar-1\" data-id=\"4\" id=\"SR7_4_1\" class=\"rs-ov-hidden\" data-version=\"6.7.16\">\n\t\t\t\t\t<sr7-adjuster><\/sr7-adjuster>\n\t\t\t\t\t<sr7-content>\n\t\t\t\t\t\t<sr7-slide id=\"SR7_4_1-12\" data-key=\"12\">\n\t\t\t\t\t\t\t<sr7-txt id=\"SR7_4_1-12-1\" class=\"sr7-layer\">ADMINISTRATIVE SERVICES<\/sr7-txt>\n\t\t\t\t\t\t<\/sr7-slide>\n\t\t\t\t\t\t<sr7-slide id=\"SR7_4_1-13\" data-key=\"13\">\n\t\t\t\t\t\t<\/sr7-slide>\n\t\t\t\t\t<\/sr7-content>\n\t\t\t\t\t<image_lists style=\"display:none\">\n\t\t\t\t\t\t<img data-src=\"\/\/www.covelar.mx\/wp-content\/uploads\/2024\/09\/portrait-of-industry-worker-doing-work-in-factory-2023-11-27-05-.png\" data-libid=\"5547\" data-lib=\"medialibrary\" title=\"portrait-of-industry-worker-doing-work-in-factory-2023-11-27-05-\" width=\"0\" height=\"0\" data-dbsrc=\"Ly93d3cuY292ZWxhci5teC93cC1jb250ZW50L3VwbG9hZHMvMjAyNC8wOS9wb3J0cmFpdC1vZi1pbmR1c3RyeS13b3JrZXItZG9pbmctd29yay1pbi1mYWN0b3J5LTIwMjMtMTEtMjctMDUtLnBuZw==\"\/>\n\t\t\t\t\t\t<img data-src=\"\/\/www.covelar.mx\/wp-content\/uploads\/revslider\/slider-2\/Vector1.svg\" data-libid=\"5365\" data-lib=\"medialibrary\" title=\"Vector1.svg\" width=\"0\" height=\"0\" data-dbsrc=\"Ly93d3cuY292ZWxhci5teC93cC1jb250ZW50L3VwbG9hZHMvcmV2c2xpZGVyL3NsaWRlci0yL1ZlY3RvcjEuc3Zn\"\/>\n\t\t\t\t\t\t<img data-src=\"\/\/www.covelar.mx\/wp-content\/uploads\/2024\/03\/Ellipse1-home2-min.png\" data-libid=\"3808\" data-lib=\"medialibrary\" title=\"Ellipse1-home2-min\" width=\"0\" height=\"0\" data-dbsrc=\"Ly93d3cuY292ZWxhci5teC93cC1jb250ZW50L3VwbG9hZHMvMjAyNC8wMy9FbGxpcHNlMS1ob21lMi1taW4ucG5n\"\/>\n\t\t\t\t\t\t<img loading=\"lazy\" data-src=\"\/\/www.covelar.mx\/wp-content\/uploads\/2024\/03\/Mask-4-home2-min.png\" data-libid=\"3809\" data-lib=\"medialibrary\" title=\"Mask-4-home2-min\" width=\"0\" height=\"0\" data-dbsrc=\"Ly93d3cuY292ZWxhci5teC93cC1jb250ZW50L3VwbG9hZHMvMjAyNC8wMy9NYXNrLTQtaG9tZTItbWluLnBuZw==\"\/>\n\t\t\t\t\t\t<img loading=\"lazy\" data-src=\"\/\/www.covelar.mx\/wp-content\/uploads\/2024\/03\/Mask-3-home2-min.png\" data-libid=\"3810\" data-lib=\"medialibrary\" title=\"Mask-3-home2-min\" width=\"0\" height=\"0\" data-dbsrc=\"Ly93d3cuY292ZWxhci5teC93cC1jb250ZW50L3VwbG9hZHMvMjAyNC8wMy9NYXNrLTMtaG9tZTItbWluLnBuZw==\"\/>\n\t\t\t\t\t\t<img loading=\"lazy\" data-src=\"\/\/www.covelar.mx\/wp-content\/uploads\/2024\/03\/Mask-1-home2-min.png\" data-libid=\"3811\" data-lib=\"medialibrary\" title=\"Mask-1-home2-min\" width=\"0\" height=\"0\" data-dbsrc=\"Ly93d3cuY292ZWxhci5teC93cC1jb250ZW50L3VwbG9hZHMvMjAyNC8wMy9NYXNrLTEtaG9tZTItbWluLnBuZw==\"\/>\n\t\t\t\t\t\t<img loading=\"lazy\" data-src=\"\/\/www.covelar.mx\/wp-content\/uploads\/2024\/03\/Polygon-home2.png\" data-libid=\"3812\" data-lib=\"medialibrary\" title=\"Polygon-home2\" width=\"0\" height=\"0\" data-dbsrc=\"Ly93d3cuY292ZWxhci5teC93cC1jb250ZW50L3VwbG9hZHMvMjAyNC8wMy9Qb2x5Z29uLWhvbWUyLnBuZw==\"\/>\n\t\t\t\t\t\t<img loading=\"lazy\" data-src=\"\/\/www.covelar.mx\/wp-content\/uploads\/2024\/03\/Mask-2-home2-min.png\" data-libid=\"3813\" data-lib=\"medialibrary\" title=\"Mask-2-home2-min\" width=\"0\" height=\"0\" data-dbsrc=\"Ly93d3cuY292ZWxhci5teC93cC1jb250ZW50L3VwbG9hZHMvMjAyNC8wMy9NYXNrLTItaG9tZTItbWluLnBuZw==\"\/>\n\t\t\t\t\t<\/image_lists>\n\t\t\t\t<\/sr7-module>\n\t\t\t\t<script>\n\t\t\t\t\tSR7.PMH ??={}; SR7.PMH[\"SR7_4_1\"] = {cn:0,state:false,fn: function() { if (_tpt!==undefined && _tpt.prepareModuleHeight !== undefined) {  _tpt.prepareModuleHeight({id:\"SR7_4_1\",el:[870,870,750,550,450],type:'standard',shdw:'0',gh:[870,870,750,550,450],gw:[1296,1296,1024,778,480],vpt:['100px&#039;,&#039;100px&#039;,&#039;100px&#039;,&#039;100px&#039;,&#039;100px'],size:{fullWidth:true, fullHeight:false},mh:'0',onh:0,onw:0,bg:{color:'{\"orig\":\"transparent\",\"type\":\"solid\",\"string\":\"transparent\"}'}});   SR7.PMH[\"SR7_4_1\"].state=true;} else if((SR7.PMH[\"SR7_4_1\"].cn++)<100)\tsetTimeout( SR7.PMH[\"SR7_4_1\"].fn,19);}};SR7.PMH[\"SR7_4_1\" ].fn();\n\t\t\t\t<\/script>\n<\/div>\n\n\t\t\t\t<\/div>\n\t\t\t\t<\/div>\n\t\t\t\t\t<\/div>\n\t\t\t\t<\/div>\n\t\t\t\t<\/div>\n\t\t<div class=\"elementor-element elementor-element-6700d6b e-flex e-con-boxed e-con e-parent\" data-id=\"6700d6b\" data-element_type=\"container\" data-settings=\"{&quot;background_background&quot;:&quot;classic&quot;}\">\n\t\t\t\t\t<div class=\"e-con-inner\">\n\t\t<div class=\"elementor-element elementor-element-6f8467d e-con-full e-flex e-con e-child\" data-id=\"6f8467d\" data-element_type=\"container\">\n\t\t\t\t<div class=\"elementor-element elementor-element-4a055a9 elementor-widget elementor-widget-heading\" data-id=\"4a055a9\" data-element_type=\"widget\" data-widget_type=\"heading.default\">\n\t\t\t\t<div class=\"elementor-widget-container\">\n\t\t\t<h2 class=\"elementor-heading-title elementor-size-default translation-block\">PROCESS <b> AUTOMATION <\/b><\/h2>\t\t<\/div>\n\t\t\t\t<\/div>\n\t\t\t\t<\/div>\n\t\t<div class=\"elementor-element elementor-element-a2d5595 e-con-full e-flex e-con e-child\" data-id=\"a2d5595\" data-element_type=\"container\">\n\t\t\t\t<div class=\"elementor-element elementor-element-3180470 elementor-widget elementor-widget-image\" data-id=\"3180470\" data-element_type=\"widget\" data-widget_type=\"image.default\">\n\t\t\t\t<div class=\"elementor-widget-container\">\n\t\t\t\t\t\t\t\t\t\t\t\t\t<img loading=\"lazy\" decoding=\"async\" width=\"1024\" height=\"605\" src=\"https:\/\/www.covelar.mx\/wp-content\/uploads\/2024\/09\/keyser-reclutamiento-expertos-1-1024x605.png\" class=\"attachment-large size-large wp-image-5552\" alt=\"\" srcset=\"https:\/\/www.covelar.mx\/wp-content\/uploads\/2024\/09\/keyser-reclutamiento-expertos-1-1024x605.png 1024w, https:\/\/www.covelar.mx\/wp-content\/uploads\/2024\/09\/keyser-reclutamiento-expertos-1-300x177.png 300w, https:\/\/www.covelar.mx\/wp-content\/uploads\/2024\/09\/keyser-reclutamiento-expertos-1-768x454.png 768w, https:\/\/www.covelar.mx\/wp-content\/uploads\/2024\/09\/keyser-reclutamiento-expertos-1-18x12.png 18w, https:\/\/www.covelar.mx\/wp-content\/uploads\/2024\/09\/keyser-reclutamiento-expertos-1-948x560.png 948w, https:\/\/www.covelar.mx\/wp-content\/uploads\/2024\/09\/keyser-reclutamiento-expertos-1-600x355.png 600w, https:\/\/www.covelar.mx\/wp-content\/uploads\/2024\/09\/keyser-reclutamiento-expertos-1.png 1100w\" sizes=\"(max-width: 1024px) 100vw, 1024px\" \/>\t\t\t\t\t\t\t\t\t\t\t\t\t<\/div>\n\t\t\t\t<\/div>\n\t\t\t\t<\/div>\n\t\t<div class=\"elementor-element elementor-element-a72496d e-con-full e-flex e-con e-child\" data-id=\"a72496d\" data-element_type=\"container\">\n\t\t\t\t<div class=\"elementor-element elementor-element-4674ce7 elementor-widget elementor-widget-text-editor\" data-id=\"4674ce7\" data-element_type=\"widget\" data-widget_type=\"text-editor.default\">\n\t\t\t\t<div class=\"elementor-widget-container\">\n\t\t\t\t\t\t\t<p>At COVELAR, we transform administrative and healthcare management by automating processes, optimizing your company's time and resources.<\/p>\t\t\t\t\t\t<\/div>\n\t\t\t\t<\/div>\n\t\t\t\t<\/div>\n\t\t\t\t\t<\/div>\n\t\t\t\t<\/div>\n\t\t<div class=\"elementor-element elementor-element-31c4e80 e-flex e-con-boxed e-con e-parent\" data-id=\"31c4e80\" data-element_type=\"container\" data-settings=\"{&quot;background_background&quot;:&quot;gradient&quot;}\">\n\t\t\t\t\t<div class=\"e-con-inner\">\n\t\t<div class=\"elementor-element elementor-element-5eb2daf e-con-full e-flex e-con e-child\" data-id=\"5eb2daf\" data-element_type=\"container\">\n\t\t\t\t<div class=\"elementor-element elementor-element-786502f elementor-widget elementor-widget-text-editor\" data-id=\"786502f\" data-element_type=\"widget\" data-widget_type=\"text-editor.default\">\n\t\t\t\t<div class=\"elementor-widget-container\">\n\t\t\t\t\t\t\t<p>Our advanced technology simplifies operations, reduces human errors and accelerates decision-making, ensuring regulatory compliance with COFEPRIS. <br \/><br \/>With COVELAR, you can move towards efficient and smooth administration.<\/p>\t\t\t\t\t\t<\/div>\n\t\t\t\t<\/div>\n\t\t\t\t<\/div>\n\t\t<div class=\"elementor-element elementor-element-6736c21 e-con-full e-flex e-con e-child\" data-id=\"6736c21\" data-element_type=\"container\">\n\t\t\t\t<div class=\"elementor-element elementor-element-f0dd9b3 elementor-widget elementor-widget-image\" data-id=\"f0dd9b3\" data-element_type=\"widget\" data-widget_type=\"image.default\">\n\t\t\t\t<div class=\"elementor-widget-container\">\n\t\t\t\t\t\t\t\t\t\t\t\t\t<img loading=\"lazy\" decoding=\"async\" width=\"1024\" height=\"1024\" src=\"https:\/\/www.covelar.mx\/wp-content\/uploads\/2024\/09\/contenidos-curso-introductorio-para-opositores-png-1.png\" class=\"attachment-large size-large wp-image-5629\" alt=\"\" srcset=\"https:\/\/www.covelar.mx\/wp-content\/uploads\/2024\/09\/contenidos-curso-introductorio-para-opositores-png-1.png 1024w, https:\/\/www.covelar.mx\/wp-content\/uploads\/2024\/09\/contenidos-curso-introductorio-para-opositores-png-1-300x300.png 300w, https:\/\/www.covelar.mx\/wp-content\/uploads\/2024\/09\/contenidos-curso-introductorio-para-opositores-png-1-150x150.png 150w, https:\/\/www.covelar.mx\/wp-content\/uploads\/2024\/09\/contenidos-curso-introductorio-para-opositores-png-1-768x768.png 768w, https:\/\/www.covelar.mx\/wp-content\/uploads\/2024\/09\/contenidos-curso-introductorio-para-opositores-png-1-12x12.png 12w, https:\/\/www.covelar.mx\/wp-content\/uploads\/2024\/09\/contenidos-curso-introductorio-para-opositores-png-1-560x560.png 560w, https:\/\/www.covelar.mx\/wp-content\/uploads\/2024\/09\/contenidos-curso-introductorio-para-opositores-png-1-600x600.png 600w, https:\/\/www.covelar.mx\/wp-content\/uploads\/2024\/09\/contenidos-curso-introductorio-para-opositores-png-1-100x100.png 100w, https:\/\/www.covelar.mx\/wp-content\/uploads\/2024\/09\/contenidos-curso-introductorio-para-opositores-png-1-50x50.png 50w\" sizes=\"(max-width: 1024px) 100vw, 1024px\" \/>\t\t\t\t\t\t\t\t\t\t\t\t\t<\/div>\n\t\t\t\t<\/div>\n\t\t\t\t<\/div>\n\t\t\t\t\t<\/div>\n\t\t\t\t<\/div>\n\t\t<div class=\"elementor-element elementor-element-8cd2e20 e-flex e-con-boxed e-con e-parent\" data-id=\"8cd2e20\" data-element_type=\"container\" data-settings=\"{&quot;background_background&quot;:&quot;classic&quot;}\">\n\t\t\t\t\t<div class=\"e-con-inner\">\n\t\t<div class=\"elementor-element elementor-element-10f2315 e-con-full e-flex e-con e-child\" data-id=\"10f2315\" data-element_type=\"container\">\n\t\t\t\t<div class=\"elementor-element elementor-element-108784e elementor-widget elementor-widget-image\" data-id=\"108784e\" data-element_type=\"widget\" data-widget_type=\"image.default\">\n\t\t\t\t<div class=\"elementor-widget-container\">\n\t\t\t\t\t\t\t\t\t\t\t\t\t<img loading=\"lazy\" decoding=\"async\" width=\"107\" height=\"107\" src=\"https:\/\/www.covelar.mx\/wp-content\/uploads\/2024\/09\/account-balance.svg\" class=\"attachment-large size-large wp-image-5659\" alt=\"\" \/>\t\t\t\t\t\t\t\t\t\t\t\t\t<\/div>\n\t\t\t\t<\/div>\n\t\t\t\t<div class=\"elementor-element elementor-element-c8ea73d pxl-heading-layout-1 elementor-widget elementor-widget-pxl_heading\" data-id=\"c8ea73d\" data-element_type=\"widget\" data-widget_type=\"pxl_heading.default\">\n\t\t\t\t<div class=\"elementor-widget-container\">\n\t\t\t<div class=\"pxl-heading-wrap d-flex layout1\">\n    <div class=\"pxl-heading-inner\">\n        \n        <h2 class=\"heading-title pxl-split-text split-in-right\">\n            <span >\n                LEGAL<br><br \/>\n<b>REPRESENTATION<\/b>            <\/span>\n                    <\/h2>\n                    <\/div>\n<\/div>\n\n\t\t<\/div>\n\t\t\t\t<\/div>\n\t\t\t\t<div class=\"elementor-element elementor-element-6a91d7a elementor-widget elementor-widget-text-editor\" data-id=\"6a91d7a\" data-element_type=\"widget\" data-widget_type=\"text-editor.default\">\n\t\t\t\t<div class=\"elementor-widget-container\">\n\t\t\t\t\t\t\t<p>As your legal representative, we will have the power to be your extension in all commercial, regulatory and legal decisions during the marketing of your products in Mexico.\n\nAvoid giving control of your health registries to a distributor.<\/p>\t\t\t\t\t\t<\/div>\n\t\t\t\t<\/div>\n\t\t\t\t<\/div>\n\t\t<div class=\"elementor-element elementor-element-5cdead8 e-con-full e-flex e-con e-child\" data-id=\"5cdead8\" data-element_type=\"container\">\n\t\t\t\t<\/div>\n\t\t\t\t\t<\/div>\n\t\t\t\t<\/div>\n\t\t<div class=\"elementor-element elementor-element-16c336d e-flex e-con-boxed e-con e-parent\" data-id=\"16c336d\" data-element_type=\"container\">\n\t\t\t\t\t<div class=\"e-con-inner\">\n\t\t<div class=\"elementor-element elementor-element-1c3b150 e-flex e-con-boxed e-con e-child\" data-id=\"1c3b150\" data-element_type=\"container\">\n\t\t\t\t\t<div class=\"e-con-inner\">\n\t\t<div class=\"elementor-element elementor-element-d86dd3a e-con-full e-flex e-con e-child\" data-id=\"d86dd3a\" data-element_type=\"container\" data-settings=\"{&quot;background_background&quot;:&quot;classic&quot;}\">\n\t\t<div class=\"elementor-element elementor-element-b5302ce e-con-full e-flex e-con e-child\" data-id=\"b5302ce\" data-element_type=\"container\" data-settings=\"{&quot;background_background&quot;:&quot;classic&quot;}\">\n\t\t\t\t<div class=\"elementor-element elementor-element-65eb401 elementor-widget elementor-widget-heading\" data-id=\"65eb401\" data-element_type=\"widget\" data-widget_type=\"heading.default\">\n\t\t\t\t<div class=\"elementor-widget-container\">\n\t\t\t<h2 class=\"elementor-heading-title elementor-size-default\">CONTACT US<br>\n<b>AND GET A QUOTE<\/b><\/h2>\t\t<\/div>\n\t\t\t\t<\/div>\n\t\t\t\t<\/div>\n\t\t<div class=\"elementor-element elementor-element-bb5d0cd e-con-full e-flex e-con e-child\" data-id=\"bb5d0cd\" data-element_type=\"container\" data-settings=\"{&quot;background_background&quot;:&quot;classic&quot;}\">\n\t\t<div class=\"elementor-element elementor-element-7c5def4 e-con-full e-flex e-con e-child\" data-id=\"7c5def4\" data-element_type=\"container\">\n\t\t\t\t<div class=\"elementor-element elementor-element-e679a50 elementor-widget elementor-widget-pxl_text_editor\" data-id=\"e679a50\" data-element_type=\"widget\" data-widget_type=\"pxl_text_editor.default\">\n\t\t\t\t<div class=\"elementor-widget-container\">\n\t\t\t<div id=\"pxl_text_editor-e679a50-9157\" class=\"pxl-text-editor-wrap d-flex\" >\n\t<div class=\"pxl-text-editor elementor-clearfix\">\n        <p>Av. Baja California 274 2do piso, Hip\u00f3dromo Condesa, Cuauht\u00e9moc, 06100, Ciudad de M\u00e9xico, M\u00e9xico<\/p>\t<\/div>\n<\/div>\t\t<\/div>\n\t\t\t\t<\/div>\n\t\t\t\t<\/div>\n\t\t\t\t<\/div>\n\t\t\t\t<\/div>\n\t\t<div class=\"elementor-element elementor-element-17f4f04 e-con-full e-flex e-con e-child\" data-id=\"17f4f04\" data-element_type=\"container\" data-settings=\"{&quot;background_background&quot;:&quot;classic&quot;}\">\n\t\t<div class=\"elementor-element elementor-element-e03562d e-con-full e-flex e-con e-child\" data-id=\"e03562d\" data-element_type=\"container\" data-settings=\"{&quot;background_background&quot;:&quot;classic&quot;}\">\n\t\t<div class=\"elementor-element elementor-element-b2f77bb e-con-full e-flex e-con e-child\" data-id=\"b2f77bb\" data-element_type=\"container\">\n\t\t\t\t<div class=\"elementor-element elementor-element-9c0057c elementor-widget elementor-widget-menu-anchor\" data-id=\"9c0057c\" data-element_type=\"widget\" data-widget_type=\"menu-anchor.default\">\n\t\t\t\t<div class=\"elementor-widget-container\">\n\t\t\t\t\t<div class=\"elementor-menu-anchor\" id=\"contacto\"><\/div>\n\t\t\t\t<\/div>\n\t\t\t\t<\/div>\n\t\t\t\t<div class=\"elementor-element elementor-element-c9c2c02 elementor-widget elementor-widget-pxl_contact_form\" data-id=\"c9c2c02\" data-element_type=\"widget\" data-widget_type=\"pxl_contact_form.default\">\n\t\t\t\t<div class=\"elementor-widget-container\">\n\t\t\t        <div id=\"pxl_contact_form-c9c2c02-6519\" class=\"pxl-contact-form7\">\r\n            <div class=\"pxl-contact-form-inner\">\r\n                \n<div class=\"wpcf7 no-js\" id=\"wpcf7-f6-o1\" lang=\"en-US\" dir=\"ltr\">\n<div class=\"screen-reader-response\"><p role=\"status\" aria-live=\"polite\" aria-atomic=\"true\"><\/p> <ul><\/ul><\/div>\n<form action=\"\/wp-json\/wp\/v2\/pages\/5545\" method=\"post\" class=\"wpcf7-form init\" aria-label=\"Contact form\" novalidate=\"novalidate\" data-status=\"init\" data-trp-original-action=\"\/en\/wp-json\/wp\/v2\/pages\/5545#wpcf7-f6-o1\">\n<div style=\"display: none;\">\n<input type=\"hidden\" name=\"_wpcf7\" value=\"6\" \/>\n<input type=\"hidden\" name=\"_wpcf7_version\" value=\"5.9.8\" \/>\n<input type=\"hidden\" name=\"_wpcf7_locale\" value=\"en_US\" \/>\n<input type=\"hidden\" name=\"_wpcf7_unit_tag\" value=\"wpcf7-f6-o1\" \/>\n<input type=\"hidden\" name=\"_wpcf7_container_post\" value=\"0\" \/>\n<input type=\"hidden\" name=\"_wpcf7_posted_data_hash\" value=\"\" \/>\n<input type=\"hidden\" name=\"_wpcf7_recaptcha_response\" value=\"\" \/>\n<\/div>\n<label> Name\n    <span class=\"wpcf7-form-control-wrap\" data-name=\"your-name\"><input size=\"40\" maxlength=\"400\" class=\"wpcf7-form-control wpcf7-text wpcf7-validates-as-required\" autocomplete=\"name\" aria-required=\"true\" aria-invalid=\"false\" value=\"\" type=\"text\" name=\"your-name\" \/><\/span> <\/label>\n\n<label> Email\n    <span class=\"wpcf7-form-control-wrap\" data-name=\"your-email\"><input size=\"40\" maxlength=\"400\" class=\"wpcf7-form-control wpcf7-email wpcf7-validates-as-required wpcf7-text wpcf7-validates-as-email\" autocomplete=\"email\" aria-required=\"true\" aria-invalid=\"false\" value=\"\" type=\"email\" name=\"your-email\" \/><\/span> <\/label>\n\n<label> AREA OF INTEREST\n    <span class=\"wpcf7-form-control-wrap\" data-name=\"your-subject\"><input size=\"40\" maxlength=\"400\" class=\"wpcf7-form-control wpcf7-text wpcf7-validates-as-required\" aria-required=\"true\" aria-invalid=\"false\" value=\"\" type=\"text\" name=\"your-subject\" \/><\/span> <\/label>\n\n<label> Message \n    <span class=\"wpcf7-form-control-wrap\" data-name=\"your-message\"><textarea cols=\"40\" rows=\"10\" maxlength=\"2000\" class=\"wpcf7-form-control wpcf7-textarea\" aria-invalid=\"false\" name=\"your-message\"><\/textarea><\/span> <\/label>\n\n<input class=\"wpcf7-form-control wpcf7-submit has-spinner\" type=\"submit\" value=\"Send\" \/><div class=\"wpcf7-response-output\" aria-hidden=\"true\"><\/div>\n<input type=\"hidden\" name=\"trp-form-language\" value=\"en\"\/><\/form>\n<\/div>\n            <\/div>\r\n        <\/div>\r\n        \t\t<\/div>\n\t\t\t\t<\/div>\n\t\t\t\t<\/div>\n\t\t\t\t<\/div>\n\t\t\t\t<\/div>\n\t\t\t\t\t<\/div>\n\t\t\t\t<\/div>\n\t\t\t\t\t<\/div>\n\t\t\t\t<\/div>\n\t\t\t\t<\/div>","protected":false},"excerpt":{"rendered":"<p>AUTOMATIZACI\u00d3N DE PROCESOS En COVELAR, transformamos la gesti\u00f3n administrativa y sanitaria mediante la\u00a0automatizaci\u00f3n de procesos, optimizando el tiempo y recursos de tu empresa. Nuestra tecnolog\u00eda avanzada simplifica las operaciones, reduce errores humanos y acelera la toma de decisiones, garantizando el cumplimiento normativo ante la COFEPRIS. Con COVELAR, avanza hacia una administraci\u00f3n eficiente y sin contratiempos. [&hellip;]<\/p>","protected":false},"author":1,"featured_media":0,"parent":0,"menu_order":0,"comment_status":"closed","ping_status":"closed","template":"","meta":{"footnotes":""},"class_list":["post-5545","page","type-page","status-publish","hentry"],"_links":{"self":[{"href":"https:\/\/www.covelar.mx\/en\/wp-json\/wp\/v2\/pages\/5545"}],"collection":[{"href":"https:\/\/www.covelar.mx\/en\/wp-json\/wp\/v2\/pages"}],"about":[{"href":"https:\/\/www.covelar.mx\/en\/wp-json\/wp\/v2\/types\/page"}],"author":[{"embeddable":true,"href":"https:\/\/www.covelar.mx\/en\/wp-json\/wp\/v2\/users\/1"}],"replies":[{"embeddable":true,"href":"https:\/\/www.covelar.mx\/en\/wp-json\/wp\/v2\/comments?post=5545"}],"version-history":[{"count":136,"href":"https:\/\/www.covelar.mx\/en\/wp-json\/wp\/v2\/pages\/5545\/revisions"}],"predecessor-version":[{"id":6038,"href":"https:\/\/www.covelar.mx\/en\/wp-json\/wp\/v2\/pages\/5545\/revisions\/6038"}],"wp:attachment":[{"href":"https:\/\/www.covelar.mx\/en\/wp-json\/wp\/v2\/media?parent=5545"}],"curies":[{"name":"wp","href":"https:\/\/api.w.org\/{rel}","templated":true}]}}