{"id":5697,"date":"2024-09-10T00:51:35","date_gmt":"2024-09-10T00:51:35","guid":{"rendered":"https:\/\/www.covelar.mx\/?page_id=5697"},"modified":"2024-09-13T15:59:18","modified_gmt":"2024-09-13T15:59:18","slug":"regulacion-sanitaria","status":"publish","type":"page","link":"https:\/\/www.covelar.mx\/en\/regulacion-sanitaria\/","title":{"rendered":"Regulaci\u00f3n Sanitaria"},"content":{"rendered":"<div data-elementor-type=\"wp-page\" data-elementor-id=\"5697\" class=\"elementor elementor-5697\">\n\t\t\t\t<div class=\"elementor-element elementor-element-6a36c70 e-con-full e-flex e-con e-parent\" data-id=\"6a36c70\" data-element_type=\"container\">\n\t\t<div class=\"elementor-element elementor-element-e33a1d4 e-flex e-con-boxed e-con e-child\" data-id=\"e33a1d4\" data-element_type=\"container\" data-settings=\"{&quot;background_background&quot;:&quot;gradient&quot;}\">\n\t\t\t\t\t<div class=\"e-con-inner\">\n\t\t\t\t<div class=\"elementor-element elementor-element-7858bb5 elementor-widget elementor-widget-slider_revolution\" data-id=\"7858bb5\" data-element_type=\"widget\" data-widget_type=\"slider_revolution.default\">\n\t\t\t\t<div class=\"elementor-widget-container\">\n\t\t\t\n\t\t<div class=\"wp-block-themepunch-revslider\">\n\t\t\t\t<p class=\"rs-p-wp-fix\"><\/p>\n\t\t\t\t<sr7-module data-alias=\"servicios-documentales-1\" data-id=\"6\" id=\"SR7_6_1\" class=\"rs-ov-hidden\" data-version=\"6.7.16\">\n\t\t\t\t\t<sr7-adjuster><\/sr7-adjuster>\n\t\t\t\t\t<sr7-content>\n\t\t\t\t\t\t<sr7-slide id=\"SR7_6_1-16\" data-key=\"16\">\n\t\t\t\t\t\t\t<sr7-txt id=\"SR7_6_1-16-1\" class=\"sr7-layer\">HEALTH REGULATION<\/sr7-txt>\n\t\t\t\t\t\t<\/sr7-slide>\n\t\t\t\t\t\t<sr7-slide id=\"SR7_6_1-18\" data-key=\"18\">\n\t\t\t\t\t\t<\/sr7-slide>\n\t\t\t\t\t<\/sr7-content>\n\t\t\t\t\t<image_lists style=\"display:none\">\n\t\t\t\t\t\t<img data-src=\"\/\/www.covelar.mx\/wp-content\/uploads\/2024\/09\/control-427510-1920-1.png\" data-libid=\"5666\" data-lib=\"medialibrary\" title=\"control-427510-1920-1\" width=\"0\" height=\"0\" data-dbsrc=\"Ly93d3cuY292ZWxhci5teC93cC1jb250ZW50L3VwbG9hZHMvMjAyNC8wOS9jb250cm9sLTQyNzUxMC0xOTIwLTEucG5n\"\/>\n\t\t\t\t\t\t<img data-src=\"\/\/www.covelar.mx\/wp-content\/uploads\/revslider\/slider-2\/Vector1.svg\" data-libid=\"5365\" data-lib=\"medialibrary\" title=\"Vector1.svg\" width=\"0\" height=\"0\" data-dbsrc=\"Ly93d3cuY292ZWxhci5teC93cC1jb250ZW50L3VwbG9hZHMvcmV2c2xpZGVyL3NsaWRlci0yL1ZlY3RvcjEuc3Zn\"\/>\n\t\t\t\t\t\t<img data-src=\"\/\/www.covelar.mx\/wp-content\/uploads\/2024\/03\/Ellipse1-home2-min.png\" data-libid=\"3808\" data-lib=\"medialibrary\" title=\"Ellipse1-home2-min\" width=\"0\" height=\"0\" data-dbsrc=\"Ly93d3cuY292ZWxhci5teC93cC1jb250ZW50L3VwbG9hZHMvMjAyNC8wMy9FbGxpcHNlMS1ob21lMi1taW4ucG5n\"\/>\n\t\t\t\t\t\t<img loading=\"lazy\" data-src=\"\/\/www.covelar.mx\/wp-content\/uploads\/2024\/03\/Mask-4-home2-min.png\" data-libid=\"3809\" data-lib=\"medialibrary\" title=\"Mask-4-home2-min\" width=\"0\" height=\"0\" data-dbsrc=\"Ly93d3cuY292ZWxhci5teC93cC1jb250ZW50L3VwbG9hZHMvMjAyNC8wMy9NYXNrLTQtaG9tZTItbWluLnBuZw==\"\/>\n\t\t\t\t\t\t<img loading=\"lazy\" data-src=\"\/\/www.covelar.mx\/wp-content\/uploads\/2024\/03\/Mask-3-home2-min.png\" data-libid=\"3810\" data-lib=\"medialibrary\" title=\"Mask-3-home2-min\" width=\"0\" height=\"0\" data-dbsrc=\"Ly93d3cuY292ZWxhci5teC93cC1jb250ZW50L3VwbG9hZHMvMjAyNC8wMy9NYXNrLTMtaG9tZTItbWluLnBuZw==\"\/>\n\t\t\t\t\t\t<img loading=\"lazy\" data-src=\"\/\/www.covelar.mx\/wp-content\/uploads\/2024\/03\/Mask-1-home2-min.png\" data-libid=\"3811\" data-lib=\"medialibrary\" title=\"Mask-1-home2-min\" width=\"0\" height=\"0\" data-dbsrc=\"Ly93d3cuY292ZWxhci5teC93cC1jb250ZW50L3VwbG9hZHMvMjAyNC8wMy9NYXNrLTEtaG9tZTItbWluLnBuZw==\"\/>\n\t\t\t\t\t\t<img loading=\"lazy\" data-src=\"\/\/www.covelar.mx\/wp-content\/uploads\/2024\/03\/Polygon-home2.png\" data-libid=\"3812\" data-lib=\"medialibrary\" title=\"Polygon-home2\" width=\"0\" height=\"0\" data-dbsrc=\"Ly93d3cuY292ZWxhci5teC93cC1jb250ZW50L3VwbG9hZHMvMjAyNC8wMy9Qb2x5Z29uLWhvbWUyLnBuZw==\"\/>\n\t\t\t\t\t\t<img loading=\"lazy\" data-src=\"\/\/www.covelar.mx\/wp-content\/uploads\/2024\/03\/Mask-2-home2-min.png\" data-libid=\"3813\" data-lib=\"medialibrary\" title=\"Mask-2-home2-min\" width=\"0\" height=\"0\" data-dbsrc=\"Ly93d3cuY292ZWxhci5teC93cC1jb250ZW50L3VwbG9hZHMvMjAyNC8wMy9NYXNrLTItaG9tZTItbWluLnBuZw==\"\/>\n\t\t\t\t\t<\/image_lists>\n\t\t\t\t<\/sr7-module>\n\t\t\t\t<script>\n\t\t\t\t\tSR7.PMH ??={}; SR7.PMH[\"SR7_6_1\"] = {cn:0,state:false,fn: function() { if (_tpt!==undefined && _tpt.prepareModuleHeight !== undefined) {  _tpt.prepareModuleHeight({id:\"SR7_6_1\",el:[870,870,750,550,450],type:'standard',shdw:'0',gh:[870,870,750,550,450],gw:[1296,1296,1024,778,480],vpt:['100px&#039;,&#039;100px&#039;,&#039;100px&#039;,&#039;100px&#039;,&#039;100px'],size:{fullWidth:true, fullHeight:false},mh:'0',onh:0,onw:0,bg:{color:'{\"orig\":\"transparent\",\"type\":\"solid\",\"string\":\"transparent\"}'}});   SR7.PMH[\"SR7_6_1\"].state=true;} else if((SR7.PMH[\"SR7_6_1\"].cn++)<100)\tsetTimeout( SR7.PMH[\"SR7_6_1\"].fn,19);}};SR7.PMH[\"SR7_6_1\" ].fn();\n\t\t\t\t<\/script>\n<\/div>\n\n\t\t\t\t<\/div>\n\t\t\t\t<\/div>\n\t\t\t\t\t<\/div>\n\t\t\t\t<\/div>\n\t\t\t\t<\/div>\n\t\t<div class=\"elementor-element elementor-element-68bba9a e-flex e-con-boxed e-con e-parent\" data-id=\"68bba9a\" data-element_type=\"container\" data-settings=\"{&quot;background_background&quot;:&quot;classic&quot;}\">\n\t\t\t\t\t<div class=\"e-con-inner\">\n\t\t<div class=\"elementor-element elementor-element-33ed7d0 e-con-full e-flex e-con e-child\" data-id=\"33ed7d0\" data-element_type=\"container\" data-settings=\"{&quot;background_background&quot;:&quot;classic&quot;}\">\n\t\t\t\t<div class=\"elementor-element elementor-element-5e5191b elementor-widget elementor-widget-image\" data-id=\"5e5191b\" data-element_type=\"widget\" data-widget_type=\"image.default\">\n\t\t\t\t<div class=\"elementor-widget-container\">\n\t\t\t\t\t\t\t\t\t\t\t\t\t<img loading=\"lazy\" decoding=\"async\" width=\"96\" height=\"96\" src=\"https:\/\/www.covelar.mx\/wp-content\/uploads\/2024\/09\/contact-support.svg\" class=\"attachment-large size-large wp-image-5689\" alt=\"\" \/>\t\t\t\t\t\t\t\t\t\t\t\t\t<\/div>\n\t\t\t\t<\/div>\n\t\t\t\t<div class=\"elementor-element elementor-element-786502f elementor-widget elementor-widget-text-editor\" data-id=\"786502f\" data-element_type=\"widget\" data-widget_type=\"text-editor.default\">\n\t\t\t\t<div class=\"elementor-widget-container\">\n\t\t\t\t\t\t\t<h3 style=\"color: white;\"><strong>NEW HEALTH REGISTRATION<\/strong><\/h3><p><span style=\"white-space-collapse: preserve;\">At COVELAR, we guide you through obtaining your health registries from COFEPRIS, ensuring that your products comply with all regulations for their commercialization.<br \/><\/span><\/p>\t\t\t\t\t\t<\/div>\n\t\t\t\t<\/div>\n\t\t\t\t<\/div>\n\t\t<div class=\"elementor-element elementor-element-e981216 e-con-full e-flex e-con e-child\" data-id=\"e981216\" data-element_type=\"container\" data-settings=\"{&quot;background_background&quot;:&quot;classic&quot;}\">\n\t\t\t\t<div class=\"elementor-element elementor-element-604c200 elementor-widget elementor-widget-image\" data-id=\"604c200\" data-element_type=\"widget\" data-widget_type=\"image.default\">\n\t\t\t\t<div class=\"elementor-widget-container\">\n\t\t\t\t\t\t\t\t\t\t\t\t\t<img loading=\"lazy\" decoding=\"async\" width=\"64\" height=\"80\" src=\"https:\/\/www.covelar.mx\/wp-content\/uploads\/2024\/09\/vector-5.svg\" class=\"attachment-large size-large wp-image-5690\" alt=\"\" \/>\t\t\t\t\t\t\t\t\t\t\t\t\t<\/div>\n\t\t\t\t<\/div>\n\t\t\t\t<div class=\"elementor-element elementor-element-6e4df44 elementor-widget elementor-widget-text-editor\" data-id=\"6e4df44\" data-element_type=\"widget\" data-widget_type=\"text-editor.default\">\n\t\t\t\t<div class=\"elementor-widget-container\">\n\t\t\t\t\t\t\t<h3 style=\"color: white;\"><strong>RENEWAL OF HEALTH REGISTRATION<\/strong><\/h3><p>We are responsible for maintaining the validity of your health registries with COFEPRIS, so that you can continue operating without interruptions and in full legal compliance.<\/p>\t\t\t\t\t\t<\/div>\n\t\t\t\t<\/div>\n\t\t\t\t<\/div>\n\t\t\t\t\t<\/div>\n\t\t\t\t<\/div>\n\t\t<div class=\"elementor-element elementor-element-31c4e80 e-flex e-con-boxed e-con e-parent\" data-id=\"31c4e80\" data-element_type=\"container\" data-settings=\"{&quot;background_background&quot;:&quot;gradient&quot;}\">\n\t\t\t\t\t<div class=\"e-con-inner\">\n\t\t<div class=\"elementor-element elementor-element-5eb2daf e-con-full e-flex e-con e-child\" data-id=\"5eb2daf\" data-element_type=\"container\">\n\t\t\t\t<div class=\"elementor-element elementor-element-0970c16 elementor-widget elementor-widget-image\" data-id=\"0970c16\" data-element_type=\"widget\" data-widget_type=\"image.default\">\n\t\t\t\t<div class=\"elementor-widget-container\">\n\t\t\t\t\t\t\t\t\t\t\t\t\t<img loading=\"lazy\" decoding=\"async\" width=\"96\" height=\"96\" src=\"https:\/\/www.covelar.mx\/wp-content\/uploads\/2024\/09\/medical-information-1.svg\" class=\"attachment-large size-large wp-image-5699\" alt=\"\" \/>\t\t\t\t\t\t\t\t\t\t\t\t\t<\/div>\n\t\t\t\t<\/div>\n\t\t\t\t<div class=\"elementor-element elementor-element-22c402b elementor-widget elementor-widget-text-editor\" data-id=\"22c402b\" data-element_type=\"widget\" data-widget_type=\"text-editor.default\">\n\t\t\t\t<div class=\"elementor-widget-container\">\n\t\t\t\t\t\t\t<p><strong>Modification to Registration Conditions <br> <\/strong>Adapt your registration to changes quickly. We submit the necessary adjustments to the authority, ensuring that it continues to accurately reflect the current characteristics of your products.<\/p>\t\t\t\t\t\t<\/div>\n\t\t\t\t<\/div>\n\t\t\t\t<\/div>\n\t\t<div class=\"elementor-element elementor-element-6736c21 e-con-full e-flex e-con e-child\" data-id=\"6736c21\" data-element_type=\"container\">\n\t\t\t\t<div class=\"elementor-element elementor-element-8168f9a elementor-widget elementor-widget-image\" data-id=\"8168f9a\" data-element_type=\"widget\" data-widget_type=\"image.default\">\n\t\t\t\t<div class=\"elementor-widget-container\">\n\t\t\t\t\t\t\t\t\t\t\t\t\t<img loading=\"lazy\" decoding=\"async\" width=\"96\" height=\"96\" src=\"https:\/\/www.covelar.mx\/wp-content\/uploads\/2024\/09\/article-1.svg\" class=\"attachment-large size-large wp-image-5700\" alt=\"\" \/>\t\t\t\t\t\t\t\t\t\t\t\t\t<\/div>\n\t\t\t\t<\/div>\n\t\t\t\t<div class=\"elementor-element elementor-element-c982453 elementor-widget elementor-widget-text-editor\" data-id=\"c982453\" data-element_type=\"widget\" data-widget_type=\"text-editor.default\">\n\t\t\t\t<div class=\"elementor-widget-container\">\n\t\t\t\t\t\t\t<div class=\"text0-95540-jSqxKQ inter-bold-rhino-18px\" data-id=\"95:540-text0\"><strong>Classification Consultation<\/strong><\/div><div class=\"text0-95540-jSqxKQ inter-bold-rhino-18px\" data-id=\"95:540-text0\">Clarify the regulatory status of your products. We help you determine the corresponding health category before COFEPRIS, facilitating the planning and regulatory strategy for your products.<\/div>\t\t\t\t\t\t<\/div>\n\t\t\t\t<\/div>\n\t\t\t\t<\/div>\n\t\t\t\t\t<\/div>\n\t\t\t\t<\/div>\n\t\t<div class=\"elementor-element elementor-element-8cd2e20 e-flex e-con-boxed e-con e-parent\" data-id=\"8cd2e20\" data-element_type=\"container\" data-settings=\"{&quot;background_background&quot;:&quot;classic&quot;}\">\n\t\t\t\t\t<div class=\"e-con-inner\">\n\t\t<div class=\"elementor-element elementor-element-10f2315 e-con-full e-flex e-con e-child\" data-id=\"10f2315\" data-element_type=\"container\">\n\t\t\t\t<div class=\"elementor-element elementor-element-c8ea73d pxl-heading-layout-1 elementor-widget elementor-widget-pxl_heading\" data-id=\"c8ea73d\" data-element_type=\"widget\" data-widget_type=\"pxl_heading.default\">\n\t\t\t\t<div class=\"elementor-widget-container\">\n\t\t\t<div class=\"pxl-heading-wrap d-flex layout1\">\n    <div class=\"pxl-heading-inner\">\n        \n        <h2 class=\"heading-title pxl-split-text split-in-right\">\n            <span >\n                PHARMACOVIGILANCE (PV)  <br><br \/>\n<b>OR TECHNOVIGILANCE (TV)<\/b><br \/>\n<b>UNIT<\/b>            <\/span>\n                    <\/h2>\n                    <\/div>\n<\/div>\n\n\t\t<\/div>\n\t\t\t\t<\/div>\n\t\t\t\t<div class=\"elementor-element elementor-element-6a91d7a elementor-widget elementor-widget-text-editor\" data-id=\"6a91d7a\" data-element_type=\"widget\" data-widget_type=\"text-editor.default\">\n\t\t\t\t<div class=\"elementor-widget-container\">\n\t\t\t\t\t\t\t<p>Ensure the post-marketing safety and efficacy of your products. We implement systems for monitoring and reporting adverse events, contributing to maintaining consumer well-being and regulatory compliance.<\/p>\t\t\t\t\t\t<\/div>\n\t\t\t\t<\/div>\n\t\t\t\t<\/div>\n\t\t<div class=\"elementor-element elementor-element-5cdead8 e-con-full e-flex e-con e-child\" data-id=\"5cdead8\" data-element_type=\"container\">\n\t\t\t\t<\/div>\n\t\t\t\t\t<\/div>\n\t\t\t\t<\/div>\n\t\t<div class=\"elementor-element elementor-element-16c336d e-flex e-con-boxed e-con e-parent\" data-id=\"16c336d\" data-element_type=\"container\">\n\t\t\t\t\t<div class=\"e-con-inner\">\n\t\t<div class=\"elementor-element elementor-element-1c3b150 e-flex e-con-boxed e-con e-child\" data-id=\"1c3b150\" data-element_type=\"container\">\n\t\t\t\t\t<div class=\"e-con-inner\">\n\t\t<div class=\"elementor-element elementor-element-d86dd3a e-con-full e-flex e-con e-child\" data-id=\"d86dd3a\" data-element_type=\"container\" data-settings=\"{&quot;background_background&quot;:&quot;classic&quot;}\">\n\t\t<div class=\"elementor-element elementor-element-b5302ce e-con-full e-flex e-con e-child\" data-id=\"b5302ce\" data-element_type=\"container\" data-settings=\"{&quot;background_background&quot;:&quot;classic&quot;}\">\n\t\t\t\t<div class=\"elementor-element elementor-element-65eb401 elementor-widget elementor-widget-heading\" data-id=\"65eb401\" data-element_type=\"widget\" data-widget_type=\"heading.default\">\n\t\t\t\t<div class=\"elementor-widget-container\">\n\t\t\t<h2 class=\"elementor-heading-title elementor-size-default\">CONTACT US<br>\n<b>AND GET A QUOTE<\/b><\/h2>\t\t<\/div>\n\t\t\t\t<\/div>\n\t\t\t\t<\/div>\n\t\t<div class=\"elementor-element elementor-element-bb5d0cd e-con-full e-flex e-con e-child\" data-id=\"bb5d0cd\" data-element_type=\"container\" data-settings=\"{&quot;background_background&quot;:&quot;classic&quot;}\">\n\t\t<div class=\"elementor-element elementor-element-7c5def4 e-con-full e-flex e-con e-child\" data-id=\"7c5def4\" data-element_type=\"container\">\n\t\t\t\t<div class=\"elementor-element elementor-element-e679a50 elementor-widget elementor-widget-pxl_text_editor\" data-id=\"e679a50\" data-element_type=\"widget\" data-widget_type=\"pxl_text_editor.default\">\n\t\t\t\t<div class=\"elementor-widget-container\">\n\t\t\t<div id=\"pxl_text_editor-e679a50-5998\" class=\"pxl-text-editor-wrap d-flex\" >\n\t<div class=\"pxl-text-editor elementor-clearfix\">\n        <p>Av. Baja California 274 2do piso, Hip\u00f3dromo Condesa, Cuauht\u00e9moc, 06100, Ciudad de M\u00e9xico, M\u00e9xico<\/p>\t<\/div>\n<\/div>\t\t<\/div>\n\t\t\t\t<\/div>\n\t\t\t\t<\/div>\n\t\t\t\t<\/div>\n\t\t\t\t<\/div>\n\t\t<div class=\"elementor-element elementor-element-17f4f04 e-con-full e-flex e-con e-child\" data-id=\"17f4f04\" data-element_type=\"container\" data-settings=\"{&quot;background_background&quot;:&quot;classic&quot;}\">\n\t\t<div class=\"elementor-element elementor-element-e03562d e-con-full e-flex e-con e-child\" data-id=\"e03562d\" data-element_type=\"container\" data-settings=\"{&quot;background_background&quot;:&quot;classic&quot;}\">\n\t\t<div class=\"elementor-element elementor-element-b2f77bb e-con-full e-flex e-con e-child\" data-id=\"b2f77bb\" data-element_type=\"container\">\n\t\t\t\t<div class=\"elementor-element elementor-element-b30326a elementor-widget elementor-widget-menu-anchor\" data-id=\"b30326a\" data-element_type=\"widget\" data-widget_type=\"menu-anchor.default\">\n\t\t\t\t<div class=\"elementor-widget-container\">\n\t\t\t\t\t<div class=\"elementor-menu-anchor\" id=\"contacto\"><\/div>\n\t\t\t\t<\/div>\n\t\t\t\t<\/div>\n\t\t\t\t<div class=\"elementor-element elementor-element-c9c2c02 elementor-widget elementor-widget-pxl_contact_form\" data-id=\"c9c2c02\" data-element_type=\"widget\" data-widget_type=\"pxl_contact_form.default\">\n\t\t\t\t<div class=\"elementor-widget-container\">\n\t\t\t        <div id=\"pxl_contact_form-c9c2c02-1232\" class=\"pxl-contact-form7\">\r\n            <div class=\"pxl-contact-form-inner\">\r\n                \n<div class=\"wpcf7 no-js\" id=\"wpcf7-f6-o1\" lang=\"en-US\" dir=\"ltr\">\n<div class=\"screen-reader-response\"><p role=\"status\" aria-live=\"polite\" aria-atomic=\"true\"><\/p> <ul><\/ul><\/div>\n<form action=\"\/wp-json\/wp\/v2\/pages\/5697\" method=\"post\" class=\"wpcf7-form init\" aria-label=\"Contact form\" novalidate=\"novalidate\" data-status=\"init\" data-trp-original-action=\"\/en\/wp-json\/wp\/v2\/pages\/5697#wpcf7-f6-o1\">\n<div style=\"display: none;\">\n<input type=\"hidden\" name=\"_wpcf7\" value=\"6\" \/>\n<input type=\"hidden\" name=\"_wpcf7_version\" value=\"5.9.8\" \/>\n<input type=\"hidden\" name=\"_wpcf7_locale\" value=\"en_US\" \/>\n<input type=\"hidden\" name=\"_wpcf7_unit_tag\" value=\"wpcf7-f6-o1\" \/>\n<input type=\"hidden\" name=\"_wpcf7_container_post\" value=\"0\" \/>\n<input type=\"hidden\" name=\"_wpcf7_posted_data_hash\" value=\"\" \/>\n<input type=\"hidden\" name=\"_wpcf7_recaptcha_response\" value=\"\" \/>\n<\/div>\n<label> Name\n    <span class=\"wpcf7-form-control-wrap\" data-name=\"your-name\"><input size=\"40\" maxlength=\"400\" class=\"wpcf7-form-control wpcf7-text wpcf7-validates-as-required\" autocomplete=\"name\" aria-required=\"true\" aria-invalid=\"false\" value=\"\" type=\"text\" name=\"your-name\" \/><\/span> <\/label>\n\n<label> Email\n    <span class=\"wpcf7-form-control-wrap\" data-name=\"your-email\"><input size=\"40\" maxlength=\"400\" class=\"wpcf7-form-control wpcf7-email wpcf7-validates-as-required wpcf7-text wpcf7-validates-as-email\" autocomplete=\"email\" aria-required=\"true\" aria-invalid=\"false\" value=\"\" type=\"email\" name=\"your-email\" \/><\/span> <\/label>\n\n<label> AREA OF INTEREST\n    <span class=\"wpcf7-form-control-wrap\" data-name=\"your-subject\"><input size=\"40\" maxlength=\"400\" class=\"wpcf7-form-control wpcf7-text wpcf7-validates-as-required\" aria-required=\"true\" aria-invalid=\"false\" value=\"\" type=\"text\" name=\"your-subject\" \/><\/span> <\/label>\n\n<label> Message \n    <span class=\"wpcf7-form-control-wrap\" data-name=\"your-message\"><textarea cols=\"40\" rows=\"10\" maxlength=\"2000\" class=\"wpcf7-form-control wpcf7-textarea\" aria-invalid=\"false\" name=\"your-message\"><\/textarea><\/span> <\/label>\n\n<input class=\"wpcf7-form-control wpcf7-submit has-spinner\" type=\"submit\" value=\"Send\" \/><div class=\"wpcf7-response-output\" aria-hidden=\"true\"><\/div>\n<input type=\"hidden\" name=\"trp-form-language\" value=\"en\"\/><\/form>\n<\/div>\n            <\/div>\r\n        <\/div>\r\n        \t\t<\/div>\n\t\t\t\t<\/div>\n\t\t\t\t<\/div>\n\t\t\t\t<\/div>\n\t\t\t\t<\/div>\n\t\t\t\t\t<\/div>\n\t\t\t\t<\/div>\n\t\t\t\t\t<\/div>\n\t\t\t\t<\/div>\n\t\t\t\t<\/div>","protected":false},"excerpt":{"rendered":"<p>Registro Sanitario Nuevo En COVELAR, te llevamos de la mano para la obtenci\u00f3n de tus registros sanitarios ante la COFEPRIS, asegurando que tus productos cumplan con todas las normativas para su comercializaci\u00f3n. Renovaci\u00f3n de Registro Sanitario Nos encargamos de mantener la vigencia de tus registros sanitarios ante la COFEPRIS, para que contin\u00faes operando sin interrupciones [&hellip;]<\/p>","protected":false},"author":1,"featured_media":0,"parent":0,"menu_order":0,"comment_status":"closed","ping_status":"closed","template":"","meta":{"footnotes":""},"class_list":["post-5697","page","type-page","status-publish","hentry"],"_links":{"self":[{"href":"https:\/\/www.covelar.mx\/en\/wp-json\/wp\/v2\/pages\/5697"}],"collection":[{"href":"https:\/\/www.covelar.mx\/en\/wp-json\/wp\/v2\/pages"}],"about":[{"href":"https:\/\/www.covelar.mx\/en\/wp-json\/wp\/v2\/types\/page"}],"author":[{"embeddable":true,"href":"https:\/\/www.covelar.mx\/en\/wp-json\/wp\/v2\/users\/1"}],"replies":[{"embeddable":true,"href":"https:\/\/www.covelar.mx\/en\/wp-json\/wp\/v2\/comments?post=5697"}],"version-history":[{"count":22,"href":"https:\/\/www.covelar.mx\/en\/wp-json\/wp\/v2\/pages\/5697\/revisions"}],"predecessor-version":[{"id":6029,"href":"https:\/\/www.covelar.mx\/en\/wp-json\/wp\/v2\/pages\/5697\/revisions\/6029"}],"wp:attachment":[{"href":"https:\/\/www.covelar.mx\/en\/wp-json\/wp\/v2\/media?parent=5697"}],"curies":[{"name":"wp","href":"https:\/\/api.w.org\/{rel}","templated":true}]}}